{"id":314,"date":"2016-12-22T14:36:18","date_gmt":"2016-12-22T13:36:18","guid":{"rendered":"https:\/\/marineconcept.se\/?page_id=314\/"},"modified":"2023-09-13T17:21:21","modified_gmt":"2023-09-13T15:21:21","slug":"batar-till-salu","status":"publish","type":"page","link":"https:\/\/marineconcept.se\/en\/batar-till-salu\/","title":{"rendered":"B\u00e5tar till salu"},"content":{"rendered":"<p>[et_pb_section bb_built=&#8221;1&#8243; fullwidth=&#8221;off&#8221; specialty=&#8221;off&#8221; background_image=&#8221;https:\/\/marineconcept.se\/wp-content\/uploads\/hero_image_01.jpg&#8221; transparent_background=&#8221;off&#8221; allow_player_pause=&#8221;off&#8221; inner_shadow=&#8221;off&#8221; parallax=&#8221;off&#8221; parallax_method=&#8221;off&#8221; padding_mobile=&#8221;off&#8221; make_fullwidth=&#8221;off&#8221; use_custom_width=&#8221;off&#8221; width_unit=&#8221;on&#8221; make_equal=&#8221;off&#8221; use_custom_gutter=&#8221;off&#8221; module_class=&#8221;gen-hero gen-used-hero&#8221; custom_padding_tablet=&#8221;50px|0|50px|0&#8243; custom_padding_last_edited=&#8221;on|desktop&#8221; next_background_color=&#8221;#f1f0ee&#8221;][et_pb_row background_position=&#8221;top_left&#8221; background_repeat=&#8221;repeat&#8221; background_size=&#8221;initial&#8221;][et_pb_column type=&#8221;4_4&#8243;][et_pb_text admin_label=&#8221;Heading \/ Begagnade b\u00e5tar&#8221; background_layout=&#8221;dark&#8221; text_orientation=&#8221;center&#8221; use_border_color=&#8221;off&#8221; border_color=&#8221;#ffffff&#8221; border_style=&#8221;solid&#8221; module_class=&#8221;gen-heading-module&#8221; background_position=&#8221;top_left&#8221; background_repeat=&#8221;repeat&#8221; background_size=&#8221;initial&#8221; module_alignment=&#8221;center&#8221;]<\/p>\n<h1>B\u00e5tar till salu<\/h1>\n<p>[\/et_pb_text][\/et_pb_column][\/et_pb_row][\/et_pb_section][et_pb_section bb_built=&#8221;1&#8243; admin_label=&#8221;Section&#8221; fullwidth=&#8221;off&#8221; specialty=&#8221;off&#8221; transparent_background=&#8221;off&#8221; background_color=&#8221;#f1f0ee&#8221; allow_player_pause=&#8221;off&#8221; inner_shadow=&#8221;off&#8221; parallax=&#8221;off&#8221; parallax_method=&#8221;off&#8221; padding_mobile=&#8221;off&#8221; make_fullwidth=&#8221;off&#8221; use_custom_width=&#8221;off&#8221; width_unit=&#8221;on&#8221; make_equal=&#8221;off&#8221; use_custom_gutter=&#8221;off&#8221; module_class=&#8221;gen-start-latest-section&#8221; disabled_on=&#8221;off|off|off&#8221; disabled=&#8221;off&#8221; custom_padding_tablet=&#8221;50px|0|50px|0&#8243; custom_padding_last_edited=&#8221;on|desktop&#8221; prev_background_color=&#8221;#ffffff&#8221; next_background_color=&#8221;#000000&#8243;][et_pb_row admin_label=&#8221;Row&#8221; background_position=&#8221;top_left&#8221; background_repeat=&#8221;repeat&#8221; background_size=&#8221;initial&#8221;][et_pb_column type=&#8221;4_4&#8243;][et_pb_text admin_label=&#8221;PLATS F\u00d6R PLUGG&#8221; background_layout=&#8221;light&#8221; text_orientation=&#8221;center&#8221; use_border_color=&#8221;off&#8221; border_color=&#8221;#ffffff&#8221; border_style=&#8221;solid&#8221; module_class=&#8221;gen-cta-module&#8221; background_position=&#8221;top_left&#8221; background_repeat=&#8221;repeat&#8221; background_size=&#8221;initial&#8221; module_alignment=&#8221;center&#8221;]<\/p>\n<h2>Filtrera<\/h2>\n<div class=\"mc-boats-search\">\n    <div id=\"mc-boats-form\">\n\t\t<div class=\"mc-boats-search-field-wrapper\">\n\t\t\t\t<input type=\"text\" name=\"mc_search_field\" value=\"\" placeholder=\"Search for boat\">\n\t\t<\/div>\n        <div class=\"mc-price\">Price<\/div>\n\n        <div id=\"mc-slider-wrapper\">\n\n            <div id=\"mc-boats-startprice\"><\/div>\n\n            <div id=\"mc-slider-container\">\n                <div id=\"mc-slider\"><\/div>\n            <\/div>\n\n            <div id=\"mc-boats-endprice\"><\/div>\n            <hr class=\"mc-horisontal\">\n        <\/div>\n\n        <div class=\"mc-overflow-hidden\">\n            <div class=\"mc-boat-types-1\">\n                <div class=\"mc-boat-types-head-item-1\">\n\t\t\t\t\tBoat type                <\/div>\n\t\t\t\t                <ul class=\"mc-options\">\n\t\t\t\t\t                        <li>\n                            <input type=\"radio\" name=\"mc_val_type\" id=\"mc_val_type_11\" value=\"11\">\n                            <label for=\"mc_val_type_11\">\n\t\t\t\t\t\t\t\tBowrider                            <\/label>\n                        <\/li>\n\t\t\t\t\t                        <li>\n                            <input type=\"radio\" name=\"mc_val_type\" id=\"mc_val_type_13\" value=\"13\">\n                            <label for=\"mc_val_type_13\">\n\t\t\t\t\t\t\t\tDaycruiser                            <\/label>\n                        <\/li>\n\t\t\t\t\t                        <li>\n                            <input type=\"radio\" name=\"mc_val_type\" id=\"mc_val_type_6\" value=\"6\">\n                            <label for=\"mc_val_type_6\">\n\t\t\t\t\t\t\t\tFlybridge                            <\/label>\n                        <\/li>\n\t\t\t\t\t                        <li>\n                            <input type=\"radio\" name=\"mc_val_type\" id=\"mc_val_type_28\" value=\"28\">\n                            <label for=\"mc_val_type_28\">\n\t\t\t\t\t\t\t\tMotorb\u00e5t                            <\/label>\n                        <\/li>\n\t\t\t\t\t                        <li>\n                            <input type=\"radio\" name=\"mc_val_type\" id=\"mc_val_type_8\" value=\"8\">\n                            <label for=\"mc_val_type_8\">\n\t\t\t\t\t\t\t\tRibb                            <\/label>\n                        <\/li>\n\t\t\t\t\t                        <li>\n                            <input type=\"radio\" name=\"mc_val_type\" id=\"mc_val_type_24\" value=\"24\">\n                            <label for=\"mc_val_type_24\">\n\t\t\t\t\t\t\t\tSegelb\u00e5t                            <\/label>\n                        <\/li>\n\t\t\t\t\t                        <li>\n                            <input type=\"radio\" name=\"mc_val_type\" id=\"mc_val_type_10\" value=\"10\">\n                            <label for=\"mc_val_type_10\">\n\t\t\t\t\t\t\t\tStyrpulpet                            <\/label>\n                        <\/li>\n\t\t\t\t\t                        <li>\n                            <input type=\"radio\" name=\"mc_val_type\" id=\"mc_val_type_9\" value=\"9\">\n                            <label for=\"mc_val_type_9\">\n\t\t\t\t\t\t\t\tVattenskoter                            <\/label>\n                        <\/li>\n\t\t\t\t\t                <\/ul>\n            <\/div>\n\n            <div class=\"mc-boat-types-2\">\n                <div class=\"mc-boat-types-head-item-2\">\n\t\t\t\t\tOvernight                <\/div>\n                <ul class=\"mc-options\">\n\t\t\t\t\t                        <li>\n                            <input type=\"radio\" name=\"mc_val_overnight\" id=\"mc_val_overnight_1\" value=\"1\">\n                            <label for=\"mc_val_overnight_1\">Yes<\/label>\n                        <\/li>\n\t\t\t\t\t                        <li>\n                            <input type=\"radio\" name=\"mc_val_overnight\" id=\"mc_val_overnight_-1\" value=\"-1\">\n                            <label for=\"mc_val_overnight_-1\">No<\/label>\n                        <\/li>\n\t\t\t\t\t                <\/ul>\n\n            <\/div>\n\n            <div class=\"mc-boat-search\">\n                <button class=\"mc-button-search\">Search<\/button>\n            <\/div>\n\n        <\/div>\n\n\n    <\/div>\n\n    <div class=\"mc-boats-list\">\n\n        <div class=\"mc-list-container\">\n\n            <div class=\"mc-boats-items\">\n\n            <\/div>\n        <\/div>\n    <\/div>\n\n    <div class=\"mc-boats-more-button-wrapper\">\n        <button class=\"mc-button-more\">Show more<\/button>\n    <\/div>\n<\/div>\n<p>[\/et_pb_text][\/et_pb_column][\/et_pb_row][\/et_pb_section][et_pb_section bb_built=&#8221;1&#8243; fullwidth=&#8221;off&#8221; specialty=&#8221;off&#8221; transparent_background=&#8221;off&#8221; background_color=&#8221;#f1f0ee&#8221; allow_player_pause=&#8221;off&#8221; inner_shadow=&#8221;off&#8221; parallax=&#8221;off&#8221; parallax_method=&#8221;off&#8221; custom_padding=&#8221;0px||0px|&#8221; padding_mobile=&#8221;off&#8221; make_fullwidth=&#8221;off&#8221; use_custom_width=&#8221;off&#8221; width_unit=&#8221;on&#8221; make_equal=&#8221;off&#8221; use_custom_gutter=&#8221;off&#8221; module_class=&#8221;gen-start-map-section gen-no-padding-mobile&#8221; custom_padding_tablet=&#8221;50px|0|50px|0&#8243; custom_padding_last_edited=&#8221;on|desktop&#8221; prev_background_color=&#8221;#000000&#8243; next_background_color=&#8221;#ffffff&#8221;][et_pb_row make_fullwidth=&#8221;on&#8221; use_custom_width=&#8221;off&#8221; width_unit=&#8221;on&#8221; use_custom_gutter=&#8221;off&#8221; padding_mobile=&#8221;off&#8221; allow_player_pause=&#8221;off&#8221; parallax=&#8221;off&#8221; parallax_method=&#8221;off&#8221; make_equal=&#8221;off&#8221; parallax_1=&#8221;off&#8221; parallax_method_1=&#8221;off&#8221; parallax_2=&#8221;off&#8221; parallax_method_2=&#8221;off&#8221; column_padding_mobile=&#8221;on&#8221; module_class=&#8221;gen-map-block gen-fullwidth-block&#8221; custom_padding=&#8221;0px||0px|&#8221; background_color_2=&#8221;#31373c&#8221; module_class_1=&#8221;gen-column gen-map-column&#8221; module_class_2=&#8221;gen-column&#8221; background_position=&#8221;top_left&#8221; background_repeat=&#8221;repeat&#8221; background_size=&#8221;initial&#8221;][et_pb_column type=&#8221;2_3&#8243;][et_pb_map address=&#8221;Truvegatan 7, 531 40 Lidk\u00f6ping, Sverige&#8221; zoom_level=&#8221;15&#8243; address_lat=&#8221;58.49643959999999&#8243; address_lng=&#8221;13.190498299999945&#8243; mouse_wheel=&#8221;off&#8221; mobile_dragging=&#8221;off&#8221; use_grayscale_filter=&#8221;off&#8221; grayscale_filter_amount=&#8221;0&#8243; module_class=&#8221;gen-match-height&#8221; child_filter_saturate=&#8221;100%&#8221;][et_pb_map_pin pin_address=&#8221;Truvegatan 7, 531 40 Lidk\u00f6ping, Sverige&#8221; pin_address_lat=&#8221;58.49623777010412&#8243; pin_address_lng=&#8221;13.191512175007574&#8243;] [\/et_pb_map_pin][\/et_pb_map][\/et_pb_column][et_pb_column type=&#8221;1_3&#8243;][et_pb_text admin_label=&#8221;Heading \/ Hitta hit \/ Text&#8221; background_layout=&#8221;dark&#8221; text_orientation=&#8221;left&#8221; use_border_color=&#8221;off&#8221; border_color=&#8221;#ffffff&#8221; border_style=&#8221;solid&#8221; module_class=&#8221;gen-map-contact-info-module gen-match-height&#8221; background_position=&#8221;top_left&#8221; background_repeat=&#8221;repeat&#8221; background_size=&#8221;initial&#8221;]<\/p>\n<div class=\"gen-info-wrapper\">\n<h3>Hitta hit<\/h3>\n<p>Telefon: <a class=\"gen-hover-underline\" href=\"tel:051014090\">0510-140 90<\/a><\/p>\n<p>E-post: <a class=\"gen-hover-underline\" href=\"mailto:info@marineconcept.se\">info@marineconcept.se<\/a><\/p>\n<p>Adress:\u00a0Truvegatan 7<\/p>\n<p>531 40 Lidk\u00f6ping<\/p>\n<\/div>\n<p>&nbsp;<\/p>\n<p>&nbsp;<\/p>\n<p>[\/et_pb_text][\/et_pb_column][\/et_pb_row][\/et_pb_section][et_pb_section bb_built=&#8221;1&#8243; fullwidth=&#8221;off&#8221; specialty=&#8221;off&#8221; background_image=&#8221;https:\/\/marineconcept.se\/wp-content\/uploads\/start-background-image-01.jpg&#8221; transparent_background=&#8221;off&#8221; background_color=&#8221;#ffffff&#8221; allow_player_pause=&#8221;off&#8221; inner_shadow=&#8221;off&#8221; parallax=&#8221;off&#8221; parallax_method=&#8221;off&#8221; padding_mobile=&#8221;off&#8221; make_fullwidth=&#8221;off&#8221; use_custom_width=&#8221;off&#8221; width_unit=&#8221;on&#8221; make_equal=&#8221;off&#8221; use_custom_gutter=&#8221;off&#8221; custom_padding_tablet=&#8221;50px|0|50px|0&#8243; custom_padding_last_edited=&#8221;on|desktop&#8221; prev_background_color=&#8221;#f1f0ee&#8221;][et_pb_row background_position=&#8221;top_left&#8221; background_repeat=&#8221;repeat&#8221; background_size=&#8221;initial&#8221;][et_pb_column type=&#8221;4_4&#8243;][et_pb_text admin_label=&#8221;En rubrik om Marine Concept \/ Text&#8221; background_layout=&#8221;dark&#8221; text_orientation=&#8221;center&#8221; use_border_color=&#8221;off&#8221; max_width=&#8221;570px&#8221; background_position=&#8221;top_left&#8221; background_repeat=&#8221;repeat&#8221; background_size=&#8221;initial&#8221; module_alignment=&#8221;center&#8221; _builder_version=&#8221;3.9&#8243;]<\/p>\n<h2>Marine Concept<\/h2>\n<p>Vi \u00e4r \u00e5terf\u00f6rs\u00e4ljare f\u00f6r Sea Ray Boats, Cranchi Yachts, Highfield, Brig &amp; Carisma Tender. Vi erbjuder ocks\u00e5 b\u00e5tf\u00f6rmedling, b\u00e5tf\u00f6rvaring samt ett brett sortiment av begagnade b\u00e5tar. V\u00e4lkomna till v\u00e5ra lokaler i Lidk\u00f6ping!<\/p>\n<p>[\/et_pb_text][\/et_pb_column][\/et_pb_row][\/et_pb_section]<\/p>\n","protected":false},"excerpt":{"rendered":"<p>[et_pb_section bb_built=&#8221;1&#8243; fullwidth=&#8221;off&#8221; specialty=&#8221;off&#8221; background_image=&#8221;https:\/\/marineconcept.se\/wp-content\/uploads\/hero_image_01.jpg&#8221; transparent_background=&#8221;off&#8221; allow_player_pause=&#8221;off&#8221; inner_shadow=&#8221;off&#8221; parallax=&#8221;off&#8221; parallax_method=&#8221;off&#8221; padding_mobile=&#8221;off&#8221; make_fullwidth=&#8221;off&#8221; use_custom_width=&#8221;off&#8221; width_unit=&#8221;on&#8221; make_equal=&#8221;off&#8221; use_custom_gutter=&#8221;off&#8221; module_class=&#8221;gen-hero gen-used-hero&#8221; custom_padding_tablet=&#8221;50px|0|50px|0&#8243; custom_padding_last_edited=&#8221;on|desktop&#8221; next_background_color=&#8221;#f1f0ee&#8221;][et_pb_row background_position=&#8221;top_left&#8221; background_repeat=&#8221;repeat&#8221; background_size=&#8221;initial&#8221;][et_pb_column type=&#8221;4_4&#8243;][et_pb_text admin_label=&#8221;Heading \/ Begagnade b\u00e5tar&#8221; background_layout=&#8221;dark&#8221; text_orientation=&#8221;center&#8221; use_border_color=&#8221;off&#8221; border_color=&#8221;#ffffff&#8221; border_style=&#8221;solid&#8221; module_class=&#8221;gen-heading-module&#8221; background_position=&#8221;top_left&#8221; background_repeat=&#8221;repeat&#8221; background_size=&#8221;initial&#8221; module_alignment=&#8221;center&#8221;] B\u00e5tar till salu [\/et_pb_text][\/et_pb_column][\/et_pb_row][\/et_pb_section][et_pb_section bb_built=&#8221;1&#8243; admin_label=&#8221;Section&#8221; fullwidth=&#8221;off&#8221; specialty=&#8221;off&#8221; transparent_background=&#8221;off&#8221; background_color=&#8221;#f1f0ee&#8221; allow_player_pause=&#8221;off&#8221; inner_shadow=&#8221;off&#8221; parallax=&#8221;off&#8221; parallax_method=&#8221;off&#8221; padding_mobile=&#8221;off&#8221; make_fullwidth=&#8221;off&#8221;<\/p>\n","protected":false},"author":1,"featured_media":0,"parent":0,"menu_order":3000,"comment_status":"closed","ping_status":"closed","template":"","meta":[],"yoast_head":"<!-- This site is optimized with the Yoast SEO plugin v19.13 - https:\/\/yoast.com\/wordpress\/plugins\/seo\/ -->\n<title>B\u00e5tar till salu | Marine Concept<\/title>\n<meta name=\"description\" content=\"H\u00e4r h\u00e5ller du dig st\u00e4ndigt uppdaterad av vilka nya objekt vi har till salu. S\u00f6k bland v\u00e5ra begagnade b\u00e5tar och kontakta oss f\u00f6r mer information.\" \/>\n<meta name=\"robots\" content=\"index, follow, max-snippet:-1, max-image-preview:large, max-video-preview:-1\" \/>\n<link rel=\"canonical\" href=\"https:\/\/marineconcept.se\/en\/batar-till-salu\/\" \/>\n<meta property=\"og:locale\" content=\"en_US\" \/>\n<meta property=\"og:type\" content=\"article\" \/>\n<meta property=\"og:title\" content=\"B\u00e5tar till salu | Marine Concept\" \/>\n<meta property=\"og:description\" content=\"H\u00e4r h\u00e5ller du dig st\u00e4ndigt uppdaterad av vilka nya objekt vi har till salu. S\u00f6k bland v\u00e5ra begagnade b\u00e5tar och kontakta oss f\u00f6r mer information.\" \/>\n<meta property=\"og:url\" content=\"https:\/\/marineconcept.se\/en\/batar-till-salu\/\" \/>\n<meta property=\"og:site_name\" content=\"Marine Concept\" \/>\n<meta property=\"article:modified_time\" content=\"2023-09-13T15:21:21+00:00\" \/>\n<meta name=\"twitter:label1\" content=\"Est. reading time\" \/>\n\t<meta name=\"twitter:data1\" content=\"4 minutes\" \/>\n<script type=\"application\/ld+json\" class=\"yoast-schema-graph\">{\"@context\":\"https:\/\/schema.org\",\"@graph\":[{\"@type\":\"WebPage\",\"@id\":\"https:\/\/marineconcept.se\/en\/batar-till-salu\/\",\"url\":\"https:\/\/marineconcept.se\/en\/batar-till-salu\/\",\"name\":\"B\u00e5tar till salu | Marine Concept\",\"isPartOf\":{\"@id\":\"https:\/\/marineconcept.se\/#website\"},\"datePublished\":\"2016-12-22T13:36:18+00:00\",\"dateModified\":\"2023-09-13T15:21:21+00:00\",\"description\":\"H\u00e4r h\u00e5ller du dig st\u00e4ndigt uppdaterad av vilka nya objekt vi har till salu. S\u00f6k bland v\u00e5ra begagnade b\u00e5tar och kontakta oss f\u00f6r mer information.\",\"breadcrumb\":{\"@id\":\"https:\/\/marineconcept.se\/en\/batar-till-salu\/#breadcrumb\"},\"inLanguage\":\"en-US\",\"potentialAction\":[{\"@type\":\"ReadAction\",\"target\":[\"https:\/\/marineconcept.se\/en\/batar-till-salu\/\"]}]},{\"@type\":\"BreadcrumbList\",\"@id\":\"https:\/\/marineconcept.se\/en\/batar-till-salu\/#breadcrumb\",\"itemListElement\":[{\"@type\":\"ListItem\",\"position\":1,\"name\":\"Hem\",\"item\":\"https:\/\/marineconcept.se\/en\/marine-concept\/\"},{\"@type\":\"ListItem\",\"position\":2,\"name\":\"B\u00e5tar till salu\"}]},{\"@type\":\"WebSite\",\"@id\":\"https:\/\/marineconcept.se\/#website\",\"url\":\"https:\/\/marineconcept.se\/\",\"name\":\"Marine Concept\",\"description\":\"\",\"potentialAction\":[{\"@type\":\"SearchAction\",\"target\":{\"@type\":\"EntryPoint\",\"urlTemplate\":\"https:\/\/marineconcept.se\/?s={search_term_string}\"},\"query-input\":\"required name=search_term_string\"}],\"inLanguage\":\"en-US\"}]}<\/script>\n<!-- \/ Yoast SEO plugin. -->","yoast_head_json":{"title":"B\u00e5tar till salu | Marine Concept","description":"H\u00e4r h\u00e5ller du dig st\u00e4ndigt uppdaterad av vilka nya objekt vi har till salu. S\u00f6k bland v\u00e5ra begagnade b\u00e5tar och kontakta oss f\u00f6r mer information.","robots":{"index":"index","follow":"follow","max-snippet":"max-snippet:-1","max-image-preview":"max-image-preview:large","max-video-preview":"max-video-preview:-1"},"canonical":"https:\/\/marineconcept.se\/en\/batar-till-salu\/","og_locale":"en_US","og_type":"article","og_title":"B\u00e5tar till salu | Marine Concept","og_description":"H\u00e4r h\u00e5ller du dig st\u00e4ndigt uppdaterad av vilka nya objekt vi har till salu. S\u00f6k bland v\u00e5ra begagnade b\u00e5tar och kontakta oss f\u00f6r mer information.","og_url":"https:\/\/marineconcept.se\/en\/batar-till-salu\/","og_site_name":"Marine Concept","article_modified_time":"2023-09-13T15:21:21+00:00","twitter_misc":{"Est. reading time":"4 minutes"},"schema":{"@context":"https:\/\/schema.org","@graph":[{"@type":"WebPage","@id":"https:\/\/marineconcept.se\/en\/batar-till-salu\/","url":"https:\/\/marineconcept.se\/en\/batar-till-salu\/","name":"B\u00e5tar till salu | Marine Concept","isPartOf":{"@id":"https:\/\/marineconcept.se\/#website"},"datePublished":"2016-12-22T13:36:18+00:00","dateModified":"2023-09-13T15:21:21+00:00","description":"H\u00e4r h\u00e5ller du dig st\u00e4ndigt uppdaterad av vilka nya objekt vi har till salu. S\u00f6k bland v\u00e5ra begagnade b\u00e5tar och kontakta oss f\u00f6r mer information.","breadcrumb":{"@id":"https:\/\/marineconcept.se\/en\/batar-till-salu\/#breadcrumb"},"inLanguage":"en-US","potentialAction":[{"@type":"ReadAction","target":["https:\/\/marineconcept.se\/en\/batar-till-salu\/"]}]},{"@type":"BreadcrumbList","@id":"https:\/\/marineconcept.se\/en\/batar-till-salu\/#breadcrumb","itemListElement":[{"@type":"ListItem","position":1,"name":"Hem","item":"https:\/\/marineconcept.se\/en\/marine-concept\/"},{"@type":"ListItem","position":2,"name":"B\u00e5tar till salu"}]},{"@type":"WebSite","@id":"https:\/\/marineconcept.se\/#website","url":"https:\/\/marineconcept.se\/","name":"Marine Concept","description":"","potentialAction":[{"@type":"SearchAction","target":{"@type":"EntryPoint","urlTemplate":"https:\/\/marineconcept.se\/?s={search_term_string}"},"query-input":"required name=search_term_string"}],"inLanguage":"en-US"}]}},"_links":{"self":[{"href":"https:\/\/marineconcept.se\/en\/wp-json\/wp\/v2\/pages\/314\/"}],"collection":[{"href":"https:\/\/marineconcept.se\/en\/wp-json\/wp\/v2\/pages\/"}],"about":[{"href":"https:\/\/marineconcept.se\/en\/wp-json\/wp\/v2\/types\/page\/"}],"author":[{"embeddable":true,"href":"https:\/\/marineconcept.se\/en\/wp-json\/wp\/v2\/users\/1\/"}],"replies":[{"embeddable":true,"href":"https:\/\/marineconcept.se\/en\/wp-json\/wp\/v2\/comments\/?post=314"}],"version-history":[{"count":14,"href":"https:\/\/marineconcept.se\/en\/wp-json\/wp\/v2\/pages\/314\/revisions\/"}],"predecessor-version":[{"id":22466,"href":"https:\/\/marineconcept.se\/en\/wp-json\/wp\/v2\/pages\/314\/revisions\/22466\/"}],"wp:attachment":[{"href":"https:\/\/marineconcept.se\/en\/wp-json\/wp\/v2\/media\/?parent=314"}],"curies":[{"name":"wp","href":"https:\/\/api.w.org\/{rel}","templated":true}]}}